{"id":7,"date":"2013-03-21T14:31:28","date_gmt":"2013-03-21T14:31:28","guid":{"rendered":"http:\/\/www.xcskitechnology.com\/?page_id=7"},"modified":"2026-04-30T12:38:40","modified_gmt":"2026-04-30T12:38:40","slug":"xc-ski-technology","status":"publish","type":"page","link":"https:\/\/www.xcskitechnology.com\/","title":{"rendered":"XC Ski Technology"},"content":{"rendered":"\n<p><\/p>\n\n\n\n<figure class=\"wp-block-image alignwide\"><img decoding=\"async\" src=\"https:\/\/www.xcskitechnology.com\/wp-content\/uploads\/2013\/03\/iStock_000017431090Small-1024x344.jpg\" alt=\"Den nuvarande bilden har ingen alternativ text. Filnamnet \u00e4r: iStock_000017431090Small.jpg\"\/><\/figure>\n\n\n\n<h2 class=\"wp-block-heading alignwide\">Forskning inom l\u00e4ngdskidutrustning<\/h2>\n\n\n\n<p class=\"is-style-default\">XC Ski Technology har en unik spetskompetens inom skidforskning och samarbetar med de ledande inom l\u00e4ngdskidsporten i Sverige. XC Ski Technology&nbsp;anv\u00e4nder avancerad utrustning f\u00f6r&nbsp;<em>materialprovning<\/em>,&nbsp;<em>ytanalys<\/em>&nbsp;och&nbsp;<em>materialanalys<\/em>&nbsp;f\u00f6r att utveckla prestandan hos skidutrustning.<\/p>\n\n\n\n<div class=\"wp-block-columns alignwide is-layout-flex wp-container-core-columns-is-layout-9d6595d7 wp-block-columns-is-layout-flex\">\n<div class=\"wp-block-column is-layout-flow wp-block-column-is-layout-flow\">\n<h2 class=\"wp-block-heading\">Aff\u00e4rsid\u00e9<\/h2>\n\n\n\n<p>XC Ski Technologys&nbsp;aff\u00e4rsid\u00e9 \u00e4r att tillhandah\u00e5lla h\u00f6gkvalitativa och effektiva tj\u00e4nster inom skidutrustning med&nbsp;fokus p\u00e5&nbsp;<em>skidbelag&nbsp;och&nbsp;<\/em><i>skidvalla<\/i>.<\/p>\n\n\n\n<h2 class=\"wp-block-heading\">Strukturanalys av skidbelag<\/h2>\n\n\n\n<p>Med interferensprofilometri kan skidbelagets topografi analyseras med mycket god precision. Resultatet fr\u00e5n analysen \u00e4r en 3D-topografisk karta som visar djup och h\u00f6jd hos belagsytan. Med interferensprofilometri s\u00e5 kan t.ex. effekten av rillning analyseras p\u00e5 ett kontrollerat s\u00e4tt.<\/p>\n\n\n\n<figure class=\"wp-block-image\"><a href=\"http:\/\/www.xcskitechnology.com\/wp-content\/uploads\/2013\/03\/Gustav-Erikssons-PEltonen.jpg\"><img loading=\"lazy\" decoding=\"async\" width=\"1232\" height=\"928\" src=\"http:\/\/www.xcskitechnology.com\/wp-content\/uploads\/2013\/03\/Gustav-Erikssons-PEltonen.jpg\" alt=\"Gustav Erikssons PEltonen\" class=\"wp-image-55\" srcset=\"https:\/\/www.xcskitechnology.com\/wp-content\/uploads\/2013\/03\/Gustav-Erikssons-PEltonen.jpg 1232w, https:\/\/www.xcskitechnology.com\/wp-content\/uploads\/2013\/03\/Gustav-Erikssons-PEltonen-300x226.jpg 300w, https:\/\/www.xcskitechnology.com\/wp-content\/uploads\/2013\/03\/Gustav-Erikssons-PEltonen-1024x771.jpg 1024w, https:\/\/www.xcskitechnology.com\/wp-content\/uploads\/2013\/03\/Gustav-Erikssons-PEltonen-160x121.jpg 160w, https:\/\/www.xcskitechnology.com\/wp-content\/uploads\/2013\/03\/Gustav-Erikssons-PEltonen-220x166.jpg 220w, https:\/\/www.xcskitechnology.com\/wp-content\/uploads\/2013\/03\/Gustav-Erikssons-PEltonen-340x256.jpg 340w, https:\/\/www.xcskitechnology.com\/wp-content\/uploads\/2013\/03\/Gustav-Erikssons-PEltonen-460x346.jpg 460w, https:\/\/www.xcskitechnology.com\/wp-content\/uploads\/2013\/03\/Gustav-Erikssons-PEltonen-700x527.jpg 700w, https:\/\/www.xcskitechnology.com\/wp-content\/uploads\/2013\/03\/Gustav-Erikssons-PEltonen-900x678.jpg 900w\" sizes=\"auto, (max-width: 1232px) 100vw, 1232px\" \/><\/a><\/figure>\n\n\n\n<figure class=\"wp-block-image\"><a href=\"http:\/\/www.xcskitechnology.com\/wp-content\/uploads\/2013\/03\/P2113601.jpg\"><img loading=\"lazy\" decoding=\"async\" width=\"3968\" height=\"2976\" src=\"http:\/\/www.xcskitechnology.com\/wp-content\/uploads\/2013\/03\/P2113601.jpg\" alt=\"OLYMPUS DIGITAL CAMERA\" class=\"wp-image-59\" srcset=\"https:\/\/www.xcskitechnology.com\/wp-content\/uploads\/2013\/03\/P2113601.jpg 3968w, https:\/\/www.xcskitechnology.com\/wp-content\/uploads\/2013\/03\/P2113601-300x225.jpg 300w, https:\/\/www.xcskitechnology.com\/wp-content\/uploads\/2013\/03\/P2113601-1024x768.jpg 1024w, https:\/\/www.xcskitechnology.com\/wp-content\/uploads\/2013\/03\/P2113601-160x120.jpg 160w, https:\/\/www.xcskitechnology.com\/wp-content\/uploads\/2013\/03\/P2113601-220x165.jpg 220w, https:\/\/www.xcskitechnology.com\/wp-content\/uploads\/2013\/03\/P2113601-340x255.jpg 340w, https:\/\/www.xcskitechnology.com\/wp-content\/uploads\/2013\/03\/P2113601-460x345.jpg 460w, https:\/\/www.xcskitechnology.com\/wp-content\/uploads\/2013\/03\/P2113601-700x525.jpg 700w, https:\/\/www.xcskitechnology.com\/wp-content\/uploads\/2013\/03\/P2113601-900x675.jpg 900w\" sizes=\"auto, (max-width: 3968px) 100vw, 3968px\" \/><\/a><\/figure>\n\n\n\n<p><em>Skidbelag avbildat med interferensprofilometri<\/em><\/p>\n<\/div>\n\n\n\n<div class=\"wp-block-column is-layout-flow wp-block-column-is-layout-flow\">\n<h2 class=\"wp-block-heading\">Fakta om XC Ski Technology<\/h2>\n\n\n\n<p>Drivs av: Per Carlsson<\/p>\n\n\n\n<p>\u00c5lder: 57 \u00e5r<\/p>\n\n\n\n<p>G\u00f6r inom skidor: Coach och vallare Selln\u00e4s IF<\/p>\n\n\n\n<p>Utbildning: Teknologie doktor inom Materialvetenskap<\/p>\n\n\n\n<p>Yrke: \u00c4ger konsultf\u00f6retaget CSI Nordic AB som l\u00f6ser materialtekniska problem \u00e5t industrin<\/p>\n\n\n\n<h2 class=\"wp-block-heading\">Kemisk analys av skidvallor<\/h2>\n\n\n\n<p>XC Ski Technology anv\u00e4nder FTIR-analys och r\u00f6ntgenanalys f\u00f6r att analysera kemiska sammans\u00e4ttningen hos skidvallor.<\/p>\n\n\n\n<figure class=\"wp-block-image\"><a href=\"http:\/\/www.xcskitechnology.com\/wp-content\/uploads\/2013\/03\/fluor-molekyler.png\"><img loading=\"lazy\" decoding=\"async\" width=\"1190\" height=\"164\" src=\"http:\/\/www.xcskitechnology.com\/wp-content\/uploads\/2013\/03\/fluor-molekyler.png\" alt=\"fluor molekyler\" class=\"wp-image-70\" srcset=\"https:\/\/www.xcskitechnology.com\/wp-content\/uploads\/2013\/03\/fluor-molekyler.png 1190w, https:\/\/www.xcskitechnology.com\/wp-content\/uploads\/2013\/03\/fluor-molekyler-300x41.png 300w, https:\/\/www.xcskitechnology.com\/wp-content\/uploads\/2013\/03\/fluor-molekyler-1024x141.png 1024w, https:\/\/www.xcskitechnology.com\/wp-content\/uploads\/2013\/03\/fluor-molekyler-160x22.png 160w, https:\/\/www.xcskitechnology.com\/wp-content\/uploads\/2013\/03\/fluor-molekyler-220x30.png 220w, https:\/\/www.xcskitechnology.com\/wp-content\/uploads\/2013\/03\/fluor-molekyler-340x47.png 340w, https:\/\/www.xcskitechnology.com\/wp-content\/uploads\/2013\/03\/fluor-molekyler-460x63.png 460w, https:\/\/www.xcskitechnology.com\/wp-content\/uploads\/2013\/03\/fluor-molekyler-700x96.png 700w, https:\/\/www.xcskitechnology.com\/wp-content\/uploads\/2013\/03\/fluor-molekyler-900x124.png 900w\" sizes=\"auto, (max-width: 1190px) 100vw, 1190px\" \/><\/a><\/figure>\n\n\n\n<p><\/p>\n\n\n\n<p><em>N\u00e5gra exempel p\u00e5 fluormolekyler som f\u00f6rekommer i skidvallor<\/em><\/p>\n\n\n\n<h2 class=\"wp-block-heading\">Mekanisk provning av skidvallor<\/h2>\n\n\n\n<p>Genom att utf\u00f6ra kompressionstester i en universalprovningsmaskin vid olika temperaturer, s\u00e5 kan egenskaperna hos f\u00e4stvallor best\u00e4mmas. Glidvallors h\u00e5rdhet m\u00e4ts med mikro- och&nbsp;nanoindentation.<\/p>\n\n\n\n<h2 class=\"wp-block-heading\">Analys av borstar, rillerverktyg och st\u00e5lsicklar<\/h2>\n\n\n\n<p>XC Ski Technology anv\u00e4nder h\u00f6guppl\u00f6sande svepelektronmikroskop f\u00f6r att avbilda och analysera ytorna hos borstar, rillerverktyg och st\u00e5lsicklar.<\/p>\n<\/div>\n<\/div>\n\n\n\n<p>&nbsp;<\/p>\n","protected":false},"excerpt":{"rendered":"<p>Forskning inom l\u00e4ngdskidutrustning XC Ski Technology har en unik spetskompetens inom skidforskning och samarbetar med de ledande inom l\u00e4ngdskidsporten i Sverige. XC Ski Technology&nbsp;anv\u00e4nder avancerad utrustning f\u00f6r&nbsp;materialprovning,&nbsp;ytanalys&nbsp;och&nbsp;materialanalys&nbsp;f\u00f6r att utveckla prestandan hos skidutrustning. Aff\u00e4rsid\u00e9 XC Ski Technologys&nbsp;aff\u00e4rsid\u00e9 \u00e4r att tillhandah\u00e5lla h\u00f6gkvalitativa och effektiva tj\u00e4nster inom skidutrustning med&nbsp;fokus p\u00e5&nbsp;skidbelag&nbsp;och&nbsp;skidvalla. Strukturanalys av skidbelag Med interferensprofilometri kan skidbelagets topografi <a href=\"https:\/\/www.xcskitechnology.com\/\" class=\"more-link\">...forts\u00e4tt l\u00e4sa <span class=\"screen-reader-text\"> \"XC Ski Technology\"<\/span><\/a><\/p>\n","protected":false},"author":1,"featured_media":11,"parent":0,"menu_order":0,"comment_status":"open","ping_status":"closed","template":"","meta":{"footnotes":""},"class_list":["post-7","page","type-page","status-publish","has-post-thumbnail","h-entry","hentry","h-as-page"],"_links":{"self":[{"href":"https:\/\/www.xcskitechnology.com\/index.php?rest_route=\/wp\/v2\/pages\/7","targetHints":{"allow":["GET"]}}],"collection":[{"href":"https:\/\/www.xcskitechnology.com\/index.php?rest_route=\/wp\/v2\/pages"}],"about":[{"href":"https:\/\/www.xcskitechnology.com\/index.php?rest_route=\/wp\/v2\/types\/page"}],"author":[{"embeddable":true,"href":"https:\/\/www.xcskitechnology.com\/index.php?rest_route=\/wp\/v2\/users\/1"}],"replies":[{"embeddable":true,"href":"https:\/\/www.xcskitechnology.com\/index.php?rest_route=%2Fwp%2Fv2%2Fcomments&post=7"}],"version-history":[{"count":38,"href":"https:\/\/www.xcskitechnology.com\/index.php?rest_route=\/wp\/v2\/pages\/7\/revisions"}],"predecessor-version":[{"id":94,"href":"https:\/\/www.xcskitechnology.com\/index.php?rest_route=\/wp\/v2\/pages\/7\/revisions\/94"}],"wp:featuredmedia":[{"embeddable":true,"href":"https:\/\/www.xcskitechnology.com\/index.php?rest_route=\/wp\/v2\/media\/11"}],"wp:attachment":[{"href":"https:\/\/www.xcskitechnology.com\/index.php?rest_route=%2Fwp%2Fv2%2Fmedia&parent=7"}],"curies":[{"name":"wp","href":"https:\/\/api.w.org\/{rel}","templated":true}]}}